{"id":8,"date":"2017-07-12T15:56:35","date_gmt":"2017-07-12T13:56:35","guid":{"rendered":"https:\/\/nationale-naturlandschaften.de\/austauschbereich-ehrensache-natur\/?page_id=8"},"modified":"2025-12-19T17:47:10","modified_gmt":"2025-12-19T16:47:10","slug":"herzlich-willkommen-im-austauschbereich-ehrensache-natur","status":"publish","type":"page","link":"https:\/\/nationale-naturlandschaften.de\/austauschbereich-ehrensache-natur\/","title":{"rendered":"Willkommen im internen Austauschbereich &#8222;Ehrensache Natur&#8220;"},"content":{"rendered":"<p>An dieser Stelle informieren wir Euch \u00fcber aktuelle Entwicklungen bez\u00fcglich &#8222;Ehrensache Natur&#8220;. Unter dem Men\u00fcpunkt &#8222;Downloads&#8220; k\u00f6nnt Ihr Vorlagen, Protokolle und Anregungen f\u00fcr Eure Arbeit finden.<\/p>\n","protected":false},"excerpt":{"rendered":"<p>An dieser Stelle informieren wir Euch \u00fcber aktuelle Entwicklungen bez\u00fcglich &#8222;Ehrensache Natur&#8220;. Unter dem Men\u00fcpunkt &#8222;Downloads&#8220; k\u00f6nnt Ihr Vorlagen, Protokolle und Anregungen f\u00fcr Eure Arbeit finden.<\/p>\n","protected":false},"author":8,"featured_media":127,"parent":0,"menu_order":0,"comment_status":"closed","ping_status":"closed","template":"","meta":{"footnotes":""},"class_list":["post-8","page","type-page","status-publish","has-post-thumbnail","hentry","gallery-content-unit"],"_links":{"self":[{"href":"https:\/\/nationale-naturlandschaften.de\/austauschbereich-ehrensache-natur\/wp-json\/wp\/v2\/pages\/8","targetHints":{"allow":["GET"]}}],"collection":[{"href":"https:\/\/nationale-naturlandschaften.de\/austauschbereich-ehrensache-natur\/wp-json\/wp\/v2\/pages"}],"about":[{"href":"https:\/\/nationale-naturlandschaften.de\/austauschbereich-ehrensache-natur\/wp-json\/wp\/v2\/types\/page"}],"author":[{"embeddable":true,"href":"https:\/\/nationale-naturlandschaften.de\/austauschbereich-ehrensache-natur\/wp-json\/wp\/v2\/users\/8"}],"replies":[{"embeddable":true,"href":"https:\/\/nationale-naturlandschaften.de\/austauschbereich-ehrensache-natur\/wp-json\/wp\/v2\/comments?post=8"}],"version-history":[{"count":4,"href":"https:\/\/nationale-naturlandschaften.de\/austauschbereich-ehrensache-natur\/wp-json\/wp\/v2\/pages\/8\/revisions"}],"predecessor-version":[{"id":62,"href":"https:\/\/nationale-naturlandschaften.de\/austauschbereich-ehrensache-natur\/wp-json\/wp\/v2\/pages\/8\/revisions\/62"}],"wp:featuredmedia":[{"embeddable":true,"href":"https:\/\/nationale-naturlandschaften.de\/austauschbereich-ehrensache-natur\/wp-json\/wp\/v2\/media\/127"}],"wp:attachment":[{"href":"https:\/\/nationale-naturlandschaften.de\/austauschbereich-ehrensache-natur\/wp-json\/wp\/v2\/media?parent=8"}],"curies":[{"name":"wp","href":"https:\/\/api.w.org\/{rel}","templated":true}]}}