{"id":32,"date":"2017-07-14T11:42:01","date_gmt":"2017-07-14T09:42:01","guid":{"rendered":"https:\/\/nationale-naturlandschaften.de\/austauschbereich-ehrensache-natur\/?page_id=32"},"modified":"2025-01-10T15:51:43","modified_gmt":"2025-01-10T14:51:43","slug":"arbeitshilfen","status":"publish","type":"page","link":"https:\/\/nationale-naturlandschaften.de\/austauschbereich-ehrensache-natur\/downloads\/arbeitshilfen\/","title":{"rendered":"Arbeitshilfen"},"content":{"rendered":"<p><strong>Leitlinien:<\/strong><\/p>\n<ul>\n<li><a href=\"https:\/\/nationale-naturlandschaften.de\/austauschbereich-ehrensache-natur\/files\/2025\/01\/2022-09-13_Leitlinien-Freiwilligenprogramm.pdf\">Leitlinien f\u00fcr die Zusammenarbeit mit \u201eFreiwilligen in Parks\u201c in den Nationalen Naturlandschaften<\/a><\/li>\n<\/ul>\n<p><strong>Vorlagen und Muster f\u00fcr die Freiwilligenkoordination:<\/strong><\/p>\n<ul>\n<li><a href=\"https:\/\/nationale-naturlandschaften.de\/austauschbereich-ehrensache-natur\/files\/2025\/01\/Einsatzstellenbeschreibung-Vorlage-2023-03.docx\">Einsatzstellenbeschreibung f\u00fcr Freiwillige<\/a><\/li>\n<li><a href=\"https:\/\/nationale-naturlandschaften.de\/austauschbereich-ehrensache-natur\/files\/2019\/01\/Bewerbung-FW-2019-01-NNL.docx\">Bewerbungsbogen f\u00fcr Freiwillige<\/a><\/li>\n<li><a href=\"https:\/\/nationale-naturlandschaften.de\/austauschbereich-ehrensache-natur\/files\/2019\/01\/Vereinbarung-FW-2019-01-NNL.docx\">Vereinbarung zwischen Schutzgebietsverwaltung und Freiwilligen<\/a><\/li>\n<li><a href=\"https:\/\/nationale-naturlandschaften.de\/austauschbereich-ehrensache-natur\/files\/2019\/06\/Vereinbarung-Jug-FW-2019-04-NNL.doc\">Vereinbarung zwischen Schutzgebietsverwaltung und minderj\u00e4hrigen Freiwilligen<\/a><\/li>\n<li><a href=\"https:\/\/nationale-naturlandschaften.de\/austauschbereich-ehrensache-natur\/files\/2017\/07\/Bescheinigung-FW-2017-04-ED-NNL.doc\">Bescheinigung f\u00fcr Freiwillige<\/a><\/li>\n<\/ul>\n<p><strong>Handreichungen und Leitf\u00e4den f\u00fcr die Freiwilligenkoordination:<\/strong><\/p>\n<ul>\n<li><a href=\"https:\/\/nationale-naturlandschaften.de\/austauschbereich-ehrensache-natur\/files\/2025\/01\/Checkliste-Freiwilligenmanagement-NNL.pdf\">Checkliste Freiwilligenmanagment in den Nationalen Naturlandschaften<\/a><\/li>\n<li><a href=\"https:\/\/nationale-naturlandschaften.de\/austauschbereich-ehrensache-natur\/files\/2020\/10\/Gutachten-zum-Voluntourismus-Finale-Fassung_NNL.pdf\">Gutachten: Kl\u00e4rung von Rechtsfragen zu Voluntourismus in den Nationalen Naturlandschaften<\/a><br \/>\n&#8211; Anlage 1: noch in Arbeit &#8211; aktualisierte Freiwilligenvereinbarung<br \/>\n<a href=\"https:\/\/nationale-naturlandschaften.de\/austauschbereich-ehrensache-natur\/files\/2020\/10\/Anlage-1-zum-Gutachten-Zusatz-Datenschutzhinweis.docx\">&#8211; zu Anlage 1: Datenschutzhinweis<\/a><br \/>\n<a href=\"https:\/\/nationale-naturlandschaften.de\/austauschbereich-ehrensache-natur\/files\/2020\/10\/Anlage-2-zum-Gutachten-Arbeitsschutzverordnungen-Auswahl.pdf\">&#8211; Anlage 2: Arbeitsschutzverordnungen Auswahl<\/a><br \/>\n<a href=\"https:\/\/nationale-naturlandschaften.de\/austauschbereich-ehrensache-natur\/files\/2020\/10\/Anlage-3-zum-Gutachten-DGUV-Regel-Waldarbeiten.pdf\">&#8211; Anlage 3: DGUV Regel Waldarbeiten<\/a><\/li>\n<li><a href=\"https:\/\/nationale-naturlandschaften.de\/austauschbereich-ehrensache-natur\/files\/2017\/07\/Publikation-Freiwilligenprogramm-2006-neu.pdf\">&#8222;Teamarbeit in Gro\u00dfschutzgebieten \u2013 Freiwilligenmanagement in Planung und Praxis&#8220; (2006)<\/a><\/li>\n<li><a href=\"https:\/\/nationale-naturlandschaften.de\/austauschbereich-ehrensache-natur\/files\/2017\/07\/Freiwillige-in-Parks-09.pdf\">&#8222;Freiwillige in Parks willkommen! \u2013 Freiwilligenmanagement: Erfahrungssch\u00e4tze und Ideenpool&#8220; (2009)<\/a><\/li>\n<li><a href=\"http:\/\/www.ehrensache-natur.de\/files\/2016\/03\/Citizen-Science-in-den-NNL_web-1.pdf\">&#8222;Citizen Science in den Nationalen Naturlandschaften \u2013 Anleitung zur Entwicklung von B\u00fcrgerwissenschafts-Projekten&#8220; (2015)<\/a><\/li>\n<li>\n<div><a href=\"http:\/\/www.ehrensache-natur.de\/files\/2012\/10\/Leitfaden_ungehindert-engagiert_web_final.pdf\">&#8222;Naturschutz-Engagement von Menschen mit Lernschwierigkeiten \u2013 Workshops und Freiwilligeneins\u00e4tze barrierefrei gestalten&#8220; (2015)<\/a><\/div>\n<\/li>\n<li><a href=\"http:\/\/ehrensache-natur.de\/files\/2012\/10\/Brosch__re_LH-NNL_Apr20111.pdf\">&#8222;Vielfalt sch\u00fctzen, Vielfalt leben \u2013 Menschen mit geistiger Behinderung aktiv im Naturschutz&#8220; (2011)<\/a><\/li>\n<li>\n<div><a href=\"http:\/\/www.ehrensache-natur.de\/files\/2012\/10\/Anleitung-Kompetenzbilanz.pdf\">&#8222;Kompetenzbilanz aus Freiwilligen-Engagement f\u00fcr \u201eFreiwillige in Parks\u201c \u2013 Anleitung zur Bilanzierung von Kenntnissen, Fertigkeiten und Kompetenzen&#8220;&#8220; (2005)<\/a><\/div>\n<\/li>\n<\/ul>\n<p><strong>Materialien f\u00fcr \u00d6ffentlichkeitsarbeit:<\/strong><\/p>\n<ul>\n<li><a href=\"https:\/\/nationale-naturlandschaften.de\/austauschbereich-ehrensache-natur\/files\/2017\/07\/Infokarte-Ehrensache-Natur.pdf\">Klappkarte \u201eEhrensache Natur\u201c<\/a><\/li>\n<li><a href=\"https:\/\/nationale-naturlandschaften.de\/austauschbereich-ehrensache-natur\/files\/2025\/01\/Ehrensache-Broschuere-final.pdf\">Imagebrosch\u00fcre \u201eEhrensache \u2013 Freiwillige im Einsatz f\u00fcr die Natur\u201c<\/a><\/li>\n<li><a href=\"https:\/\/nationale-naturlandschaften.de\/austauschbereich-ehrensache-natur\/files\/2025\/01\/Projektblatt-Corporate-Volunteering-2024.pdf\">Steckbrief &#8222;Corporate Volunteering \u2013 Stark im Team f\u00fcr Natur und Umwelt&#8220;<\/a><\/li>\n<li><a href=\"http:\/\/ehrensache-natur.de\/files\/2012\/10\/Faltblatt_LH.pdf\">Faltblatt &#8222;Menschen mit geistiger Behinderung \u2013 aktiv im Naturschutz&#8220;<\/a><\/li>\n<li><a href=\"http:\/\/ehrensache-natur.de\/files\/2012\/10\/A4_Plakat.pdf\">Poster &#8222;Menschen mit geistiger Behinderung \u2013 aktiv im Naturschutz&#8220;<\/a><\/li>\n<\/ul>\n<p><strong>Danksagung und Gratulation:<\/strong><\/p>\n<ul>\n<li><a href=\"https:\/\/nationale-naturlandschaften.de\/austauschbereich-ehrensache-natur\/files\/2017\/07\/Danke-Karte-Ansicht.pdf\">&#8222;Danke&#8220;-Karte (2016)<\/a><\/li>\n<li><a href=\"https:\/\/nationale-naturlandschaften.de\/austauschbereich-ehrensache-natur\/files\/2017\/07\/Glueckwunsch-Karte-Ansicht.pdf\">&#8222;Gl\u00fcckwunsch&#8220;-Karte (2016)<\/a><\/li>\n<li><a href=\"https:\/\/nationale-naturlandschaften.de\/austauschbereich-ehrensache-natur\/files\/2019\/05\/Dankekarte_2018_Ansicht.pdf\">&#8222;Danke&#8220;-Karte (2018)<\/a><\/li>\n<li><a href=\"https:\/\/nationale-naturlandschaften.de\/austauschbereich-ehrensache-natur\/files\/2019\/05\/Gl\u00fcckwunschkarte_2018_Ansicht.pdf\">&#8222;Gl\u00fcckwunsch&#8220;-Karte (2018)<\/a><\/li>\n<\/ul>\n<p><strong>Infomaterialien in Leichter Sprache:<\/strong><\/p>\n<ul>\n<li><a href=\"https:\/\/nationale-naturlandschaften.de\/austauschbereich-ehrensache-natur\/files\/2017\/07\/Gemeinsam-freiwillige-aktiv-in-Leichter-Sprache.pdf\">&#8222;Gemeinsam freiwillig aktiv&#8220; in Leichter Sprache (2017)<\/a><\/li>\n<\/ul>\n<p style=\"padding-left: 30px\">Themenhefte:<\/p>\n<ul>\n<li><a href=\"http:\/\/www.ehrensache-natur.de\/files\/2014\/09\/Bach-Graben-Fluss-11-final.pdf\">&#8222;Bach, Graben, Fluss&#8220; in Leichter Sprache (2014)<\/a><\/li>\n<li>\n<div><a href=\"http:\/\/www.ehrensache-natur.de\/files\/2014\/09\/Meer-und-K%C3%BCste-12-final4.pdf\">&#8222;Meer und K\u00fcste&#8220; in Leichter Sprache (2014)<\/a><\/div>\n<\/li>\n<li>\n<div><a href=\"http:\/\/www.ehrensache-natur.de\/files\/2014\/09\/Teich-und-See-11-final.pdf\">&#8222;See und Teich&#8220; in Leichter Sprache (2014)<\/a><\/div>\n<\/li>\n<li>\n<div><a href=\"http:\/\/www.ehrensache-natur.de\/files\/2016\/12\/Wald_web-final-3.pdf\">&#8222;Wald&#8220; in Leichter Sprache (2016)<\/a><\/div>\n<\/li>\n<li>\n<div><a href=\"http:\/\/www.ehrensache-natur.de\/files\/2016\/12\/Wiese_web-final.pdf\">&#8222;Wiese&#8220; in Leichter Sprache (2016)<\/a><\/div>\n<\/li>\n<li><a href=\"http:\/\/ungehindert-engagiert.de\/files\/2014\/08\/Tipps-Bach-Graben-Fluss.pdf\">Tipps f\u00fcr das Arbeiten mit dem Themenheft &#8222;Bach, Graben, Fluss&#8220; in Leichter Sprache (2014)<\/a><\/li>\n<li><a href=\"http:\/\/ungehindert-engagiert.de\/files\/2014\/08\/Tipps-Meer-und-K%C3%BCste.pdf\">Tipps f\u00fcr das Arbeiten mit dem Themenheft &#8222;Meer und K\u00fcste&#8220; in Leichter Sprache (2014)<\/a><\/li>\n<li><a href=\"http:\/\/ungehindert-engagiert.de\/files\/2014\/08\/Tipps-See-und-Teich.pdf\">Tipps f\u00fcr das Arbeiten mit dem Themenheft &#8222;See und Teich&#8220; in Leichter Sprache (2014)<\/a><\/li>\n<\/ul>\n<p style=\"padding-left: 30px\">Themenbl\u00e4tter:<\/p>\n<ul>\n<li><a href=\"https:\/\/nationale-naturlandschaften.de\/austauschbereich-ehrensache-natur\/files\/2017\/07\/Themenblatt-Hornisse_final.pdf\">&#8222;Die Hornisse&#8220; in Leichter Sprache (2016)<\/a><\/li>\n<li><a href=\"https:\/\/nationale-naturlandschaften.de\/austauschbereich-ehrensache-natur\/files\/2017\/07\/Themenblatt-Igel_final.pdf\">&#8222;Der Igel&#8220; in Leichter Sprache (2016)<\/a><\/li>\n<li><a href=\"https:\/\/nationale-naturlandschaften.de\/austauschbereich-ehrensache-natur\/files\/2017\/07\/Themenblatt-Rotkehlchen_final.pdf\">&#8222;Das Rotkehlchen&#8220; in Leichter Sprache (2016)<\/a><\/li>\n<li><a href=\"https:\/\/nationale-naturlandschaften.de\/austauschbereich-ehrensache-natur\/files\/2017\/07\/Themenblatt-Steinkauz_final.pdf\">&#8222;Der Steinkauz&#8220; in Leichter Sprache&#8220; (2016)&#8220;<\/a><\/li>\n<\/ul>\n<p><strong>Dokumente in Englisch:<\/strong><\/p>\n<ul>\n<li><a href=\"http:\/\/ehrensache-natur.de\/files\/2012\/11\/volunteers06_engl_www_neu.pdf\">&#8222;Team work in large scale protected areas \u2013 Volunteer Management \u2013 Planning and Practice&#8220; (2007)<\/a><\/li>\n<li><a href=\"http:\/\/ehrensache-natur.de\/files\/2012\/11\/Volunteers-in-Parks-welcome.pdf\">&#8222;Volunteeer in Parks&#8220; are welcome \u2013 Volunteer Management: A wealth of experience and ideas&#8220; (2009)<\/a><\/li>\n<\/ul>\n","protected":false},"excerpt":{"rendered":"<p>Leitlinien: Leitlinien f\u00fcr die Zusammenarbeit mit \u201eFreiwilligen in Parks\u201c in den Nationalen Naturlandschaften Vorlagen und Muster f\u00fcr die Freiwilligenkoordination: Einsatzstellenbeschreibung f\u00fcr Freiwillige Bewerbungsbogen f\u00fcr Freiwillige Vereinbarung zwischen Schutzgebietsverwaltung und Freiwilligen Vereinbarung zwischen Schutzgebietsverwaltung und minderj\u00e4hrigen Freiwilligen Bescheinigung f\u00fcr Freiwillige Handreichungen und Leitf\u00e4den f\u00fcr die Freiwilligenkoordination: Checkliste Freiwilligenmanagment in den Nationalen Naturlandschaften Gutachten: Kl\u00e4rung von Rechtsfragen&hellip; <a href=\"https:\/\/nationale-naturlandschaften.de\/austauschbereich-ehrensache-natur\/downloads\/arbeitshilfen\/\" title=\"Arbeitshilfen\">Weiterlesen &raquo;<\/a><\/p>\n","protected":false},"author":8,"featured_media":0,"parent":2,"menu_order":0,"comment_status":"closed","ping_status":"closed","template":"","meta":{"footnotes":""},"class_list":["post-32","page","type-page","status-publish","hentry","gallery-content-unit"],"_links":{"self":[{"href":"https:\/\/nationale-naturlandschaften.de\/austauschbereich-ehrensache-natur\/wp-json\/wp\/v2\/pages\/32","targetHints":{"allow":["GET"]}}],"collection":[{"href":"https:\/\/nationale-naturlandschaften.de\/austauschbereich-ehrensache-natur\/wp-json\/wp\/v2\/pages"}],"about":[{"href":"https:\/\/nationale-naturlandschaften.de\/austauschbereich-ehrensache-natur\/wp-json\/wp\/v2\/types\/page"}],"author":[{"embeddable":true,"href":"https:\/\/nationale-naturlandschaften.de\/austauschbereich-ehrensache-natur\/wp-json\/wp\/v2\/users\/8"}],"replies":[{"embeddable":true,"href":"https:\/\/nationale-naturlandschaften.de\/austauschbereich-ehrensache-natur\/wp-json\/wp\/v2\/comments?post=32"}],"version-history":[{"count":24,"href":"https:\/\/nationale-naturlandschaften.de\/austauschbereich-ehrensache-natur\/wp-json\/wp\/v2\/pages\/32\/revisions"}],"predecessor-version":[{"id":122,"href":"https:\/\/nationale-naturlandschaften.de\/austauschbereich-ehrensache-natur\/wp-json\/wp\/v2\/pages\/32\/revisions\/122"}],"up":[{"embeddable":true,"href":"https:\/\/nationale-naturlandschaften.de\/austauschbereich-ehrensache-natur\/wp-json\/wp\/v2\/pages\/2"}],"wp:attachment":[{"href":"https:\/\/nationale-naturlandschaften.de\/austauschbereich-ehrensache-natur\/wp-json\/wp\/v2\/media?parent=32"}],"curies":[{"name":"wp","href":"https:\/\/api.w.org\/{rel}","templated":true}]}}